{"id":1087,"date":"2021-07-08T08:29:24","date_gmt":"2021-07-08T08:29:24","guid":{"rendered":"https:\/\/mbraining.si\/?page_id=1087"},"modified":"2021-07-15T07:25:31","modified_gmt":"2021-07-15T07:25:31","slug":"the-mbit-experience-2","status":"publish","type":"page","link":"https:\/\/mbraining.si\/index.php\/the-mbit-experience-2\/","title":{"rendered":"The MBIT Experience"},"content":{"rendered":"\t\t<div data-elementor-type=\"wp-page\" data-elementor-id=\"1087\" class=\"elementor elementor-1087\" data-elementor-settings=\"[]\">\n\t\t\t\t\t\t\t<div class=\"elementor-section-wrap\">\n\t\t\t\t\t\t\t<section class=\"elementor-section elementor-top-section elementor-element elementor-element-13aac11 elementor-section-boxed elementor-section-height-default elementor-section-height-default\" data-id=\"13aac11\" data-element_type=\"section\">\n\t\t\t\t\t\t<div class=\"elementor-container elementor-column-gap-default\">\n\t\t\t\t\t<div class=\"elementor-column elementor-col-100 elementor-top-column elementor-element elementor-element-303c047\" data-id=\"303c047\" data-element_type=\"column\">\n\t\t\t<div class=\"elementor-widget-wrap elementor-element-populated\">\n\t\t\t\t\t\t\t\t<div class=\"elementor-element elementor-element-9afa657 elementor-widget elementor-widget-heading\" data-id=\"9afa657\" data-element_type=\"widget\" data-widget_type=\"heading.default\">\n\t\t\t\t<div class=\"elementor-widget-container\">\n\t\t\t<h2 class=\"elementor-heading-title elementor-size-default\">The MBIT Experience<\/h2>\t\t<\/div>\n\t\t\t\t<\/div>\n\t\t\t\t\t<\/div>\n\t\t<\/div>\n\t\t\t\t\t\t\t<\/div>\n\t\t<\/section>\n\t\t\t\t<section class=\"elementor-section elementor-top-section elementor-element elementor-element-4f6c02c elementor-section-full_width elementor-section-height-min-height elementor-section-height-default elementor-section-items-middle\" data-id=\"4f6c02c\" data-element_type=\"section\" data-settings=\"{&quot;background_background&quot;:&quot;classic&quot;}\">\n\t\t\t\t\t\t<div class=\"elementor-container elementor-column-gap-default\">\n\t\t\t\t\t<div class=\"elementor-column elementor-col-100 elementor-top-column elementor-element elementor-element-0281b59\" data-id=\"0281b59\" data-element_type=\"column\">\n\t\t\t<div class=\"elementor-widget-wrap elementor-element-populated\">\n\t\t\t\t\t\t\t\t<div class=\"elementor-element elementor-element-6cc6684 elementor-widget elementor-widget-image\" data-id=\"6cc6684\" data-element_type=\"widget\" data-widget_type=\"image.default\">\n\t\t\t\t<div class=\"elementor-widget-container\">\n\t\t\t\t\t\t\t\t\t\t\t\t\t\t\t<img loading=\"lazy\" decoding=\"async\" width=\"2048\" height=\"1365\" src=\"https:\/\/mbraining.si\/wp-content\/uploads\/2021\/07\/app-woman-white-solution-closeup-two-2048x1365.jpg\" class=\"attachment-2048x2048 size-2048x2048\" alt=\"\" srcset=\"https:\/\/mbraining.si\/wp-content\/uploads\/2021\/07\/app-woman-white-solution-closeup-two-2048x1365.jpg 2048w, https:\/\/mbraining.si\/wp-content\/uploads\/2021\/07\/app-woman-white-solution-closeup-two-300x200.jpg 300w, https:\/\/mbraining.si\/wp-content\/uploads\/2021\/07\/app-woman-white-solution-closeup-two-1024x683.jpg 1024w, https:\/\/mbraining.si\/wp-content\/uploads\/2021\/07\/app-woman-white-solution-closeup-two-768x512.jpg 768w, https:\/\/mbraining.si\/wp-content\/uploads\/2021\/07\/app-woman-white-solution-closeup-two-1536x1024.jpg 1536w, https:\/\/mbraining.si\/wp-content\/uploads\/2021\/07\/app-woman-white-solution-closeup-two-600x400.jpg 600w\" sizes=\"auto, (max-width: 2048px) 100vw, 2048px\" \/>\t\t\t\t\t\t\t\t\t\t\t\t\t\t\t<\/div>\n\t\t\t\t<\/div>\n\t\t\t\t\t<\/div>\n\t\t<\/div>\n\t\t\t\t\t\t\t<\/div>\n\t\t<\/section>\n\t\t\t\t<section class=\"elementor-section elementor-top-section elementor-element elementor-element-29fe968 elementor-section-boxed elementor-section-height-default elementor-section-height-default\" data-id=\"29fe968\" data-element_type=\"section\">\n\t\t\t\t\t\t<div class=\"elementor-container elementor-column-gap-default\">\n\t\t\t\t\t<div class=\"elementor-column elementor-col-100 elementor-top-column elementor-element elementor-element-a0171dc\" data-id=\"a0171dc\" data-element_type=\"column\">\n\t\t\t<div class=\"elementor-widget-wrap elementor-element-populated\">\n\t\t\t\t\t\t\t\t<div class=\"elementor-element elementor-element-5d5737a elementor-widget elementor-widget-heading\" data-id=\"5d5737a\" data-element_type=\"widget\" data-widget_type=\"heading.default\">\n\t\t\t\t<div class=\"elementor-widget-container\">\n\t\t\t<h2 class=\"elementor-heading-title elementor-size-default\">TO JE IZOBRA\u017dEVANJE, KI SPREMINJA \u017dIVLJENJA<\/h2>\t\t<\/div>\n\t\t\t\t<\/div>\n\t\t\t\t<div class=\"elementor-element elementor-element-14aae32 elementor-widget elementor-widget-spacer\" data-id=\"14aae32\" data-element_type=\"widget\" data-widget_type=\"spacer.default\">\n\t\t\t\t<div class=\"elementor-widget-container\">\n\t\t\t\t\t<div class=\"elementor-spacer\">\n\t\t\t<div class=\"elementor-spacer-inner\"><\/div>\n\t\t<\/div>\n\t\t\t\t<\/div>\n\t\t\t\t<\/div>\n\t\t\t\t\t<\/div>\n\t\t<\/div>\n\t\t\t\t\t\t\t<\/div>\n\t\t<\/section>\n\t\t\t\t<section class=\"elementor-section elementor-top-section elementor-element elementor-element-b6af3e9 elementor-section-boxed elementor-section-height-default elementor-section-height-default\" data-id=\"b6af3e9\" data-element_type=\"section\">\n\t\t\t\t\t\t<div class=\"elementor-container elementor-column-gap-default\">\n\t\t\t\t\t<div class=\"elementor-column elementor-col-100 elementor-top-column elementor-element elementor-element-aa55b28\" data-id=\"aa55b28\" data-element_type=\"column\">\n\t\t\t<div class=\"elementor-widget-wrap elementor-element-populated\">\n\t\t\t\t\t\t\t\t<div class=\"elementor-element elementor-element-68b000e elementor-widget elementor-widget-text-editor\" data-id=\"68b000e\" data-element_type=\"widget\" data-widget_type=\"text-editor.default\">\n\t\t\t\t<div class=\"elementor-widget-container\">\n\t\t\t\t\t\t\t\t<b>Po MBIT izobra\u017eevanju<\/b>\n\n<span style=\"font-weight: 400;\">Ugotovili boste, da se odpirate prirojeni modrosti svojega globokega notranjega jaza in postajate eno s svojimi temeljnimi vrednotami in pristnim jazom. Odprete tudi nove mo\u017enosti, kako ustvarjati in oblikujeti svoje \u017eivljenje.<\/span>\t\t\t\t\t\t<\/div>\n\t\t\t\t<\/div>\n\t\t\t\t<div class=\"elementor-element elementor-element-8c956a8 elementor-widget elementor-widget-spacer\" data-id=\"8c956a8\" data-element_type=\"widget\" data-widget_type=\"spacer.default\">\n\t\t\t\t<div class=\"elementor-widget-container\">\n\t\t\t\t\t<div class=\"elementor-spacer\">\n\t\t\t<div class=\"elementor-spacer-inner\"><\/div>\n\t\t<\/div>\n\t\t\t\t<\/div>\n\t\t\t\t<\/div>\n\t\t\t\t\t<\/div>\n\t\t<\/div>\n\t\t\t\t\t\t\t<\/div>\n\t\t<\/section>\n\t\t\t\t<section class=\"elementor-section elementor-top-section elementor-element elementor-element-0g3hm5w elementor-reverse-mobile elementor-section-full_width elementor-section-height-default elementor-section-height-default\" data-id=\"0g3hm5w\" data-element_type=\"section\" data-settings=\"{&quot;background_background&quot;:&quot;classic&quot;}\">\n\t\t\t\t\t\t<div class=\"elementor-container elementor-column-gap-no\">\n\t\t\t\t\t<div class=\"elementor-column elementor-col-50 elementor-top-column elementor-element elementor-element-1148300\" data-id=\"1148300\" data-element_type=\"column\">\n\t\t\t<div class=\"elementor-widget-wrap elementor-element-populated\">\n\t\t\t\t\t\t\t\t<div class=\"elementor-element elementor-element-62d352e2 elementor-widget__width-initial elementor-widget elementor-widget-text-editor\" data-id=\"62d352e2\" data-element_type=\"widget\" data-widget_type=\"text-editor.default\">\n\t\t\t\t<div class=\"elementor-widget-container\">\n\t\t\t\t\t\t\t\t<p><strong><i>&#8220;mBraining se za\u010dne tam, kjer se NLP kon\u010da. mBraining temelji na sintezi najnovej\u0161ih raziskav na podro\u010dju nevrologije in kognitivne znanosti. . . To je rojstvo novega podro\u010dja. Skratka, \u010de \u017eelite model, ki sintetizira NLP, ga raz\u0161irja in temelji na trdni znanosti, potem je mBraining za vas. Nau\u010dite se ga zdaj in se vklju\u010dite v za\u010detno fazo. &#8220;<\/i><\/strong><\/p>\t\t\t\t\t\t<\/div>\n\t\t\t\t<\/div>\n\t\t\t\t<div class=\"elementor-element elementor-element-76b0f7a elementor-widget elementor-widget-text-editor\" data-id=\"76b0f7a\" data-element_type=\"widget\" data-widget_type=\"text-editor.default\">\n\t\t\t\t<div class=\"elementor-widget-container\">\n\t\t\t\t\t\t\t\t<div align=\"right\"><p>\u00a0<\/p><p><span style=\"font-weight: 400;\">Wyatt L. Woodsmall, Ph.D.<\/span><\/p><p><span style=\"font-weight: 400;\">NLP Master Trainer and Master Modeler<\/span><\/p><div><span style=\"font-weight: 400;\">Co-Creator of the International NLP Trainers Association<\/span><\/div><\/div>\t\t\t\t\t\t<\/div>\n\t\t\t\t<\/div>\n\t\t\t\t\t<\/div>\n\t\t<\/div>\n\t\t\t\t<div class=\"elementor-column elementor-col-50 elementor-top-column elementor-element elementor-element-7285665\" data-id=\"7285665\" data-element_type=\"column\">\n\t\t\t<div class=\"elementor-widget-wrap elementor-element-populated\">\n\t\t\t\t\t\t\t\t<div class=\"elementor-element elementor-element-508aa5f0 elementor-widget elementor-widget-image\" data-id=\"508aa5f0\" data-element_type=\"widget\" data-widget_type=\"image.default\">\n\t\t\t\t<div class=\"elementor-widget-container\">\n\t\t\t\t\t\t\t\t\t\t\t\t\t\t\t<img loading=\"lazy\" decoding=\"async\" width=\"1024\" height=\"683\" src=\"https:\/\/mbraining.si\/wp-content\/uploads\/2021\/07\/High_five-1024x683.jpg\" class=\"attachment-large size-large\" alt=\"\" srcset=\"https:\/\/mbraining.si\/wp-content\/uploads\/2021\/07\/High_five-1024x683.jpg 1024w, https:\/\/mbraining.si\/wp-content\/uploads\/2021\/07\/High_five-300x200.jpg 300w, https:\/\/mbraining.si\/wp-content\/uploads\/2021\/07\/High_five-768x512.jpg 768w, https:\/\/mbraining.si\/wp-content\/uploads\/2021\/07\/High_five-1536x1024.jpg 1536w, https:\/\/mbraining.si\/wp-content\/uploads\/2021\/07\/High_five-2048x1366.jpg 2048w, https:\/\/mbraining.si\/wp-content\/uploads\/2021\/07\/High_five-600x400.jpg 600w\" sizes=\"auto, (max-width: 1024px) 100vw, 1024px\" \/>\t\t\t\t\t\t\t\t\t\t\t\t\t\t\t<\/div>\n\t\t\t\t<\/div>\n\t\t\t\t\t<\/div>\n\t\t<\/div>\n\t\t\t\t\t\t\t<\/div>\n\t\t<\/section>\n\t\t\t\t<section class=\"elementor-section elementor-top-section elementor-element elementor-element-6hck0n6 elementor-section-boxed elementor-section-height-default elementor-section-height-default\" data-id=\"6hck0n6\" data-element_type=\"section\" data-settings=\"{&quot;background_background&quot;:&quot;classic&quot;}\">\n\t\t\t\t\t\t<div class=\"elementor-container elementor-column-gap-no\">\n\t\t\t\t\t<div class=\"elementor-column elementor-col-50 elementor-top-column elementor-element elementor-element-4b9de95\" data-id=\"4b9de95\" data-element_type=\"column\">\n\t\t\t<div class=\"elementor-widget-wrap elementor-element-populated\">\n\t\t\t\t\t\t\t\t<div class=\"elementor-element elementor-element-1fab74e0 elementor-widget elementor-widget-image\" data-id=\"1fab74e0\" data-element_type=\"widget\" data-widget_type=\"image.default\">\n\t\t\t\t<div class=\"elementor-widget-container\">\n\t\t\t\t\t\t\t\t\t\t\t\t\t\t\t<img loading=\"lazy\" decoding=\"async\" width=\"1024\" height=\"683\" src=\"https:\/\/mbraining.si\/wp-content\/uploads\/2021\/07\/Winning_concept-1024x683.jpg\" class=\"attachment-large size-large\" alt=\"\" srcset=\"https:\/\/mbraining.si\/wp-content\/uploads\/2021\/07\/Winning_concept-1024x683.jpg 1024w, https:\/\/mbraining.si\/wp-content\/uploads\/2021\/07\/Winning_concept-300x200.jpg 300w, https:\/\/mbraining.si\/wp-content\/uploads\/2021\/07\/Winning_concept-768x512.jpg 768w, https:\/\/mbraining.si\/wp-content\/uploads\/2021\/07\/Winning_concept-1536x1024.jpg 1536w, https:\/\/mbraining.si\/wp-content\/uploads\/2021\/07\/Winning_concept-2048x1366.jpg 2048w, https:\/\/mbraining.si\/wp-content\/uploads\/2021\/07\/Winning_concept-600x400.jpg 600w\" sizes=\"auto, (max-width: 1024px) 100vw, 1024px\" \/>\t\t\t\t\t\t\t\t\t\t\t\t\t\t\t<\/div>\n\t\t\t\t<\/div>\n\t\t\t\t\t<\/div>\n\t\t<\/div>\n\t\t\t\t<div class=\"elementor-column elementor-col-50 elementor-top-column elementor-element elementor-element-ddc17dc\" data-id=\"ddc17dc\" data-element_type=\"column\">\n\t\t\t<div class=\"elementor-widget-wrap elementor-element-populated\">\n\t\t\t\t\t\t\t\t<div class=\"elementor-element elementor-element-3437ae6 elementor-widget elementor-widget-text-editor\" data-id=\"3437ae6\" data-element_type=\"widget\" data-widget_type=\"text-editor.default\">\n\t\t\t\t<div class=\"elementor-widget-container\">\n\t\t\t\t\t\t\t\t<p><strong><i>&#8220;Po izku\u0161njah s tehnikami mBIT, to je izjemna magija telesa in mo\u017eganov!&#8221;<\/i><\/strong><\/p>\t\t\t\t\t\t<\/div>\n\t\t\t\t<\/div>\n\t\t\t\t<div class=\"elementor-element elementor-element-b8f2da8 elementor-widget elementor-widget-text-editor\" data-id=\"b8f2da8\" data-element_type=\"widget\" data-widget_type=\"text-editor.default\">\n\t\t\t\t<div class=\"elementor-widget-container\">\n\t\t\t\t\t\t\t\t<div align=\"right\"><span style=\"font-weight: 400;\">RL, NLP Trainer and Professional Coach, Wellington, NZ<\/span><\/div>\t\t\t\t\t\t<\/div>\n\t\t\t\t<\/div>\n\t\t\t\t\t<\/div>\n\t\t<\/div>\n\t\t\t\t\t\t\t<\/div>\n\t\t<\/section>\n\t\t\t\t<section class=\"elementor-section elementor-top-section elementor-element elementor-element-cax0ipw elementor-reverse-mobile elementor-section-boxed elementor-section-height-default elementor-section-height-default\" data-id=\"cax0ipw\" data-element_type=\"section\" data-settings=\"{&quot;background_background&quot;:&quot;classic&quot;}\">\n\t\t\t\t\t\t<div class=\"elementor-container elementor-column-gap-no\">\n\t\t\t\t\t<div class=\"elementor-column elementor-col-50 elementor-top-column elementor-element elementor-element-355c572\" data-id=\"355c572\" data-element_type=\"column\">\n\t\t\t<div class=\"elementor-widget-wrap elementor-element-populated\">\n\t\t\t\t\t\t\t\t<div class=\"elementor-element elementor-element-8962406 elementor-widget elementor-widget-text-editor\" data-id=\"8962406\" data-element_type=\"widget\" data-widget_type=\"text-editor.default\">\n\t\t\t\t<div class=\"elementor-widget-container\">\n\t\t\t\t\t\t\t\t<p><strong><i>&#8220;Pravkar sem bil na neverjetnem \u0161tiridnevnem seminarju &#8211; revolucionarna tehnologija!&#8221;<\/i><\/strong><\/p>\t\t\t\t\t\t<\/div>\n\t\t\t\t<\/div>\n\t\t\t\t<div class=\"elementor-element elementor-element-d0b1f6b elementor-widget elementor-widget-text-editor\" data-id=\"d0b1f6b\" data-element_type=\"widget\" data-widget_type=\"text-editor.default\">\n\t\t\t\t<div class=\"elementor-widget-container\">\n\t\t\t\t\t\t\t\t<div align=\"right\"><span style=\"font-weight: 400;\">TC, NLP Trainer, Melbourne, Australia<\/span><\/div>\t\t\t\t\t\t<\/div>\n\t\t\t\t<\/div>\n\t\t\t\t\t<\/div>\n\t\t<\/div>\n\t\t\t\t<div class=\"elementor-column elementor-col-50 elementor-top-column elementor-element elementor-element-623a32c\" data-id=\"623a32c\" data-element_type=\"column\">\n\t\t\t<div class=\"elementor-widget-wrap elementor-element-populated\">\n\t\t\t\t\t\t\t\t<div class=\"elementor-element elementor-element-628e670 elementor-widget elementor-widget-image\" data-id=\"628e670\" data-element_type=\"widget\" data-widget_type=\"image.default\">\n\t\t\t\t<div class=\"elementor-widget-container\">\n\t\t\t\t\t\t\t\t\t\t\t\t\t\t\t<img loading=\"lazy\" decoding=\"async\" width=\"626\" height=\"417\" src=\"https:\/\/mbraining.si\/wp-content\/uploads\/2021\/07\/successful-business-man-holding-trophy_1150-35042.jpg\" class=\"attachment-large size-large\" alt=\"\" srcset=\"https:\/\/mbraining.si\/wp-content\/uploads\/2021\/07\/successful-business-man-holding-trophy_1150-35042.jpg 626w, https:\/\/mbraining.si\/wp-content\/uploads\/2021\/07\/successful-business-man-holding-trophy_1150-35042-300x200.jpg 300w, https:\/\/mbraining.si\/wp-content\/uploads\/2021\/07\/successful-business-man-holding-trophy_1150-35042-600x400.jpg 600w\" sizes=\"auto, (max-width: 626px) 100vw, 626px\" \/>\t\t\t\t\t\t\t\t\t\t\t\t\t\t\t<\/div>\n\t\t\t\t<\/div>\n\t\t\t\t\t<\/div>\n\t\t<\/div>\n\t\t\t\t\t\t\t<\/div>\n\t\t<\/section>\n\t\t\t\t<section class=\"elementor-section elementor-top-section elementor-element elementor-element-619c2c0 elementor-section-boxed elementor-section-height-default elementor-section-height-default\" data-id=\"619c2c0\" data-element_type=\"section\" data-settings=\"{&quot;background_background&quot;:&quot;classic&quot;}\">\n\t\t\t\t\t\t<div class=\"elementor-container elementor-column-gap-no\">\n\t\t\t\t\t<div class=\"elementor-column elementor-col-50 elementor-top-column elementor-element elementor-element-5f96888\" data-id=\"5f96888\" data-element_type=\"column\">\n\t\t\t<div class=\"elementor-widget-wrap elementor-element-populated\">\n\t\t\t\t\t\t\t\t<div class=\"elementor-element elementor-element-3481381 elementor-widget elementor-widget-image\" data-id=\"3481381\" data-element_type=\"widget\" data-widget_type=\"image.default\">\n\t\t\t\t<div class=\"elementor-widget-container\">\n\t\t\t\t\t\t\t\t\t\t\t\t\t\t\t<img loading=\"lazy\" decoding=\"async\" width=\"626\" height=\"544\" src=\"https:\/\/mbraining.si\/wp-content\/uploads\/2021\/07\/business-leader-standing-arrow-holding-flag-flat-vector-illustration-cartoon-people-training-doing-business-plan-leadership-victory-challenge-concept_74855-9812.jpg\" class=\"attachment-large size-large\" alt=\"\" srcset=\"https:\/\/mbraining.si\/wp-content\/uploads\/2021\/07\/business-leader-standing-arrow-holding-flag-flat-vector-illustration-cartoon-people-training-doing-business-plan-leadership-victory-challenge-concept_74855-9812.jpg 626w, https:\/\/mbraining.si\/wp-content\/uploads\/2021\/07\/business-leader-standing-arrow-holding-flag-flat-vector-illustration-cartoon-people-training-doing-business-plan-leadership-victory-challenge-concept_74855-9812-300x261.jpg 300w, https:\/\/mbraining.si\/wp-content\/uploads\/2021\/07\/business-leader-standing-arrow-holding-flag-flat-vector-illustration-cartoon-people-training-doing-business-plan-leadership-victory-challenge-concept_74855-9812-600x521.jpg 600w\" sizes=\"auto, (max-width: 626px) 100vw, 626px\" \/>\t\t\t\t\t\t\t\t\t\t\t\t\t\t\t<\/div>\n\t\t\t\t<\/div>\n\t\t\t\t\t<\/div>\n\t\t<\/div>\n\t\t\t\t<div class=\"elementor-column elementor-col-50 elementor-top-column elementor-element elementor-element-3a964ca\" data-id=\"3a964ca\" data-element_type=\"column\">\n\t\t\t<div class=\"elementor-widget-wrap elementor-element-populated\">\n\t\t\t\t\t\t\t\t<div class=\"elementor-element elementor-element-642f5cd elementor-widget elementor-widget-text-editor\" data-id=\"642f5cd\" data-element_type=\"widget\" data-widget_type=\"text-editor.default\">\n\t\t\t\t<div class=\"elementor-widget-container\">\n\t\t\t\t\t\t\t\t<p><strong><i>&#8220;mBraining in tehnike mBIT so prefinjene, elegantne in mo\u010dne. &#8220;<\/i><\/strong><\/p>\t\t\t\t\t\t<\/div>\n\t\t\t\t<\/div>\n\t\t\t\t<div class=\"elementor-element elementor-element-3fde7ec elementor-widget elementor-widget-text-editor\" data-id=\"3fde7ec\" data-element_type=\"widget\" data-widget_type=\"text-editor.default\">\n\t\t\t\t<div class=\"elementor-widget-container\">\n\t\t\t\t\t\t\t\t<div align=\"right\"><span style=\"font-weight: 400;\">PP, NLP Trainer, NewZealand<\/span><\/div>\t\t\t\t\t\t<\/div>\n\t\t\t\t<\/div>\n\t\t\t\t\t<\/div>\n\t\t<\/div>\n\t\t\t\t\t\t\t<\/div>\n\t\t<\/section>\n\t\t\t\t\t\t<\/div>\n\t\t\t\t\t<\/div>\n\t\t","protected":false},"excerpt":{"rendered":"<p>The MBIT Experience TO JE IZOBRA\u017dEVANJE, KI SPREMINJA \u017dIVLJENJA Po MBIT izobra\u017eevanju Ugotovili boste, da se odpirate prirojeni modrosti svojega globokega notranjega jaza in postajate eno s svojimi temeljnimi vrednotami in pristnim jazom. Odprete tudi nove mo\u017enosti, kako ustvarjati in oblikujeti svoje \u017eivljenje. &#8220;mBraining se za\u010dne tam, kjer se NLP kon\u010da. mBraining temelji na sintezi &hellip;<\/p>\n<p class=\"read-more\"> <a class=\"\" href=\"https:\/\/mbraining.si\/index.php\/the-mbit-experience-2\/\"> <span class=\"screen-reader-text\">The MBIT Experience<\/span> Read More &raquo;<\/a><\/p>\n","protected":false},"author":1,"featured_media":0,"parent":0,"menu_order":0,"comment_status":"closed","ping_status":"closed","template":"","meta":{"footnotes":""},"class_list":["post-1087","page","type-page","status-publish","hentry"],"_links":{"self":[{"href":"https:\/\/mbraining.si\/index.php\/wp-json\/wp\/v2\/pages\/1087","targetHints":{"allow":["GET"]}}],"collection":[{"href":"https:\/\/mbraining.si\/index.php\/wp-json\/wp\/v2\/pages"}],"about":[{"href":"https:\/\/mbraining.si\/index.php\/wp-json\/wp\/v2\/types\/page"}],"author":[{"embeddable":true,"href":"https:\/\/mbraining.si\/index.php\/wp-json\/wp\/v2\/users\/1"}],"replies":[{"embeddable":true,"href":"https:\/\/mbraining.si\/index.php\/wp-json\/wp\/v2\/comments?post=1087"}],"version-history":[{"count":43,"href":"https:\/\/mbraining.si\/index.php\/wp-json\/wp\/v2\/pages\/1087\/revisions"}],"predecessor-version":[{"id":1460,"href":"https:\/\/mbraining.si\/index.php\/wp-json\/wp\/v2\/pages\/1087\/revisions\/1460"}],"wp:attachment":[{"href":"https:\/\/mbraining.si\/index.php\/wp-json\/wp\/v2\/media?parent=1087"}],"curies":[{"name":"wp","href":"https:\/\/api.w.org\/{rel}","templated":true}]}}